{"id":352,"date":"2022-05-05T13:34:59","date_gmt":"2022-05-05T06:34:59","guid":{"rendered":"https:\/\/vinataxi.vn\/hop-tac-kinh-doanh\/"},"modified":"2022-05-24T01:37:29","modified_gmt":"2022-05-23T18:37:29","slug":"business-collaboration","status":"publish","type":"page","link":"https:\/\/vinataxi.vn\/en\/business-collaboration\/","title":{"rendered":"business collaboration"},"content":{"rendered":"<p style=\"text-align: justify\">\n  <div class=\"banner has-hover\" id=\"banner-1581793457\">\n          <div class=\"banner-inner fill\">\n        <div class=\"banner-bg fill\" >\n            <img loading=\"lazy\" decoding=\"async\" width=\"1020\" height=\"161\" src=\"https:\/\/vinataxi.vn\/wp-content\/uploads\/sites\/68\/2022\/05\/banner.jpg\" class=\"bg attachment-large size-large\" alt=\"\" \/>                        <div class=\"overlay\"><\/div>            \n                    <\/div>\n\t\t\n        <div class=\"banner-layers container\">\n            <div class=\"fill banner-link\"><\/div>            \n<p style=\"text-align: justify\">   <div id=\"text-box-1716701960\" class=\"text-box banner-layer x50 md-x50 lg-x50 y50 md-y50 lg-y50 res-text\">\n                     <div data-animate=\"bounceInDown\">           <div class=\"text-box-content text dark\">\n              \n              <div class=\"text-inner text-center\">\n                  \n<h4 class=\"uppercase\" style=\"text-align: center\"><span style=\"color: #0d8e10;font-family: 'times new roman', times, serif\"><strong>business collaboration<\/strong><\/span><\/h4>\n<p style=\"text-align: justify\">              <\/div>\n           <\/div>\n       <\/div>                     \n<style>\n#text-box-1716701960 {\n  width: 60%;\n}\n#text-box-1716701960 .text-box-content {\n  font-size: 100%;\n}\n<\/style>\n    <\/div>\n \n<p style=\"text-align: justify\">        <\/div>\n      <\/div>\n\n            \n<style>\n#banner-1581793457 {\n  padding-top: 100px;\n}\n#banner-1581793457 .overlay {\n  background-color: rgba(249, 237, 27, 0.791);\n}\n@media (min-width:550px) {\n  #banner-1581793457 {\n    padding-top: 300px;\n  }\n}\n<\/style>\n  <\/div>\n\n\n<div class=\"row\"  id=\"row-377446950\">\n<p style=\"text-align: justify\">\n\t<div id=\"col-1902529536\" class=\"col medium-3 small-12 large-3\"  >\n\t\t\t\t<div class=\"col-inner\"  >\n\t\t\t\n\t\t\t\n<p style=\"text-align: justify\">\t<div class=\"img has-hover x md-x lg-x y md-y lg-y\" id=\"image_975640928\">\n\t\t\t\t\t\t\t\t<div class=\"img-inner dark\" >\n\t\t\t<img loading=\"lazy\" decoding=\"async\" width=\"300\" height=\"100\" src=\"https:\/\/vinataxi.vn\/wp-content\/uploads\/sites\/68\/2022\/05\/tongdai.png\" class=\"attachment-large size-large\" alt=\"\" \/>\t\t\t\t\t\t\n\t\t\t\t\t<\/div>\n\t\t\t\t\t\t\t\t\n<style>\n#image_975640928 {\n  width: 100%;\n}\n<\/style>\n\t<\/div>\n\t\r\n\r\n<div class=\"row\"  id=\"row-751851844\">\r\n\r\n\n\t<div id=\"col-1770264898\" class=\"col small-12 large-12\"  >\n\t\t\t\t<div class=\"col-inner\"  >\n\t\t\t\n\t\t\t\r\n\r\n<div class=\"container section-title-container\" ><h3 class=\"section-title section-title-center\"><b aria-hidden=\"true\"><\/b><span class=\"section-title-main\" >RECRUITMENT<\/span><b aria-hidden=\"true\"><\/b><\/h3><\/div>\r\n\r\n<a href=\"https:\/\/vinataxi.vn\/en\/business-collaboration\/\" class=\"button primary is-small box-shadow-1 box-shadow-4-hover expand\" style=\"border-radius:10px;\">\n\t<i class=\"icon-angle-right\" aria-hidden=\"true\"><\/i>\t<span>BUSINESS COLLAPORATION<\/span>\n\t<\/a>\n\r\n\r\n<a href=\"https:\/\/vinataxi.vn\/en\/driver\/\" class=\"button primary is-small box-shadow-1 box-shadow-4-hover expand\" style=\"border-radius:10px;\">\n\t<i class=\"icon-angle-right\" aria-hidden=\"true\"><\/i>\t<span>DRIVER<\/span>\n\t<\/a>\n\r\n\r\n<a href=\"https:\/\/vinataxi.vn\/en\/job-application\/\" class=\"button primary is-small box-shadow-1 box-shadow-4-hover expand\" style=\"border-radius:10px;\">\n\t<i class=\"icon-angle-right\" aria-hidden=\"true\"><\/i>\t<span>JOB APPLICATION<\/span>\n\t<\/a>\n\r\n\r\n\t\t<\/div>\n\t\t\t\t\t<\/div>\n\n\t\r\n\r\n\n<style>\n#row-751851844 > .col > .col-inner {\n  padding: 8px 5px 1px 5px;\n  background-color: rgb(243, 241, 241);\n}\n<\/style>\n<\/div>\r\n<div class=\"video video-fit mb\" style=\"padding-top:56.25%;\"><p><iframe loading=\"lazy\" title=\"Vinataxi\" width=\"1020\" height=\"574\" src=\"https:\/\/www.youtube.com\/embed\/teRET2FfRwo?feature=oembed\" frameborder=\"0\" allow=\"accelerometer; autoplay; clipboard-write; encrypted-media; gyroscope; picture-in-picture\" allowfullscreen><\/iframe><\/p>\n<\/div>\n<p style=\"text-align: justify\">\t\t<\/div>\n\t\t\t\t\t<\/div>\n\n\t\n\n\t<div id=\"col-2034460063\" class=\"col medium-9 small-12 large-9\"  >\n\t\t\t\t<div class=\"col-inner\"  >\n\t\t\t\n\t\t\t\n<h2 style=\"text-align: center\">CH\u01af\u01a0NG TR\u00ccNH \u0110\u1eb6C BI\u1ec6T D\u00c0NH CHO XE H\u1ee2P T\u00c1C D\u1ecaCH V\u1ee4 (CPP) TRONG TH\u00c1NG 05\/2022 &amp; 06\/2022<\/h2>\n<p style=\"text-align: justify\"><span style=\"font-weight: 400\">Nh\u1eb1m t\u0103ng c\u01b0\u1eddng xe \u0111\u1ec3 ph\u1ee5c v\u1ee5 kh\u00e1ch h\u00e0ng t\u1ea1i c\u00e1c \u0111i\u1ec3m x\u1ebfp t\u00e0i v\u00e0 kh\u00e1ch h\u00e0ng s\u1eed d\u1ee5ng th\u1ebb th\u00e0nh vi\u00ean &amp; th\u1ebb \u0111i taxi tr\u1ea3 tr\u01b0\u1edbc (voucher) c\u1ee7a c\u00e1c C\u00f4ng ty th\u00e0nh vi\u00ean t\u1eadp \u0111o\u00e0n Bamboo Capital, Vinataxi tri\u1ec3n khai ch\u01b0\u01a1ng tr\u00ecnh khuy\u1ebfn m\u00e3i \u0111\u1eb7c bi\u1ec7t \u0111\u1ec3 t\u0103ng c\u01b0\u1eddng s\u1ed1 l\u01b0\u1ee3ng xe taxi \u0111\u01b0a \u0111\u00f3n kh\u00e1ch nh\u01b0 sau:<\/span><\/p>\n<h3 style=\"text-align: justify\">\u0110\u1ed1i v\u1edbi xe CPP tham gia m\u1edbi:<\/h3>\n<h4 style=\"text-align: justify\">Xe CPP x\u1ebfp t\u00e0i &amp; ph\u1ee5c v\u1ee5 t\u1ea5t c\u1ea3 ngu\u1ed3n kh\u00e1ch c\u1ee7a C\u00f4ng ty (CPP truy\u1ec1n th\u1ed1ng)<\/h4>\n<ul style=\"text-align: justify\">\n<li style=\"list-style-type: none\">\n<ul>\n<li style=\"font-weight: 400\"><span style=\"font-weight: 400\">Th\u1eddi gian h\u1ee3p \u0111\u1ed3ng: <\/span><b>12 th\u00e1ng<\/b><span style=\"font-weight: 400\">\u00a0<\/span><\/li>\n<li style=\"font-weight: 400\"><span style=\"font-weight: 400\">Ph\u00ed qu\u1ea3n l\u00fd h\u00e0ng ng\u00e0y: <\/span><b>100,000\u0111\/ng\u00e0y trong 03 th\u00e1ng \u0111\u1ea7u ti\u00ean c\u1ee7a h\u1ee3p \u0111\u1ed3ng.<\/b><\/li>\n<li style=\"font-weight: 400\"><span style=\"font-weight: 400\">M\u1ee9c k\u00fd qu\u1ef9, ph\u00ed ti\u1ebfp th\u1ecb, ph\u00ed th\u01b0\u01a1ng hi\u1ec7u theo quy \u0111\u1ecbnh c\u00f4ng ty<\/span><\/li>\n<li style=\"font-weight: 400\"><span style=\"font-weight: 400\">Kh\u00f4ng \u00e1p d\u1ee5ng c\u00e1c ch\u00ednh s\u00e1ch \u01b0u \u0111\u00e3i ho\u1eb7c gi\u1ea3m ph\u00ed kh\u00e1c c\u1ee7a C\u00f4ng ty<\/span><\/li>\n<li style=\"font-weight: 400\"><span style=\"font-weight: 400\">Ng\u00e0y ngh\u1ec9 gia h\u1ea1n: <\/span><b>24 <\/b><span style=\"font-weight: 400\">ng\u00e0y\/n\u0103m<\/span><\/li>\n<li style=\"font-weight: 400\"><span style=\"font-weight: 400\">Ca kinh doanh mi\u1ec5n ph\u00ed: <\/span><b>02<\/b><span style=\"font-weight: 400\"> ng\u00e0y \u0111\u1ea7u ti\u00ean c\u1ee7a h\u1ee3p \u0111\u1ed3ng<\/span><\/li>\n<li style=\"font-weight: 400\"><span style=\"font-weight: 400\">\u0110\u1ed3ng ph\u1ee5c: \u00c1o s\u01a1 mi v\u00e0ng &amp; qu\u1ea7n t\u00e2y xanh.T\u00e0i x\u1ebf \u0111\u0103ng k\u00fd mua t\u1ea1i C\u00f4ng ty.<\/span><\/li>\n<li style=\"font-weight: 400\"><span style=\"font-weight: 400\">Th\u1eddi gian ch\u01b0\u01a1ng tr\u00ecnh khuy\u1ebfn m\u00e3i: <\/span><b>09\/05\/2022 \u0111\u1ebfn 09\/06\/2022<\/b><\/li>\n<\/ul>\n<\/li>\n<\/ul>\n<h4 style=\"text-align: justify\">Xe CPP ch\u1ec9 ph\u1ee5c v\u1ee5 ngu\u1ed3n kh\u00e1ch th\u1ebb, voucher, kh\u00e1ch t\u1ed5ng \u0111\u00e0i, kh\u00e1ch App (betaxi, Grabtaxi, EMDDI\u2026) &amp; kh\u00e1ch quen c\u1ee7a t\u00e0i x\u1ebf (kh\u00f4ng tham gia x\u1ebfp t\u00e0i t\u1ea1i c\u00e1c \u0111i\u1ec3m Ti\u1ebfp Th\u1ecb)<\/h4>\n<ul style=\"text-align: justify\">\n<li style=\"list-style-type: none\">\n<ul>\n<li style=\"font-weight: 400\"><span style=\"font-weight: 400\">Th\u1eddi gian h\u1ee3p \u0111\u1ed3ng: <\/span><b>12 th\u00e1ng<\/b><span style=\"font-weight: 400\">\u00a0<\/span><\/li>\n<li style=\"font-weight: 400\"><b>Ph\u00ed qu\u1ea3n l\u00fd h\u00e0ng th\u00e1ng<\/b><span style=\"font-weight: 400\"> : <\/span><b>1,500,000\u0111\/th\u00e1ng. Th\u00e1ng \u0111\u1ea7u ti\u00ean \u0111\u00f3ng tr\u01b0\u1edbc khi ra xe kinh doanh. C\u00e1c th\u00e1ng ti\u1ebfp theo \u0111\u00f3ng tr\u01b0\u1edbc khi \u0111\u1ebfn h\u1ea1n t\u1eeb 03 ng\u00e0y tr\u1edd l\u00ean.<\/b><\/li>\n<li style=\"font-weight: 400\"><span style=\"font-weight: 400\">M\u1ee9c k\u00fd qu\u1ef9, ph\u00ed ti\u1ebfp th\u1ecb, ph\u00ed th\u01b0\u01a1ng hi\u1ec7u theo qui \u0111\u1ecbnh c\u00f4ng ty<\/span><\/li>\n<li style=\"font-weight: 400\"><span style=\"font-weight: 400\">Kh\u00f4ng \u00e1p d\u1ee5ng c\u00e1c ch\u00ednh s\u00e1ch \u01b0u \u0111\u00e3i ho\u1eb7c gi\u1ea3m ph\u00ed kh\u00e1c c\u1ee7a C\u00f4ng ty<\/span><\/li>\n<li style=\"font-weight: 400\"><span style=\"font-weight: 400\">Ng\u00e0y ngh\u1ec9 gia h\u1ea1n: <\/span><b>24<\/b><span style=\"font-weight: 400\"> ng\u00e0y\/n\u0103m<\/span><\/li>\n<li style=\"font-weight: 400\"><span style=\"font-weight: 400\">Ca kinh doanh mi\u1ec5n ph\u00ed: <\/span><b>02<\/b><span style=\"font-weight: 400\"> ng\u00e0y \u0111\u1ea7u ti\u00ean c\u1ee7a h\u1ee3p \u0111\u1ed3ng<\/span><\/li>\n<li style=\"font-weight: 400\"><span style=\"font-weight: 400\">\u0110\u1ed3ng ph\u1ee5c: \u00c1o s\u01a1 mi v\u00e0ng &amp; qu\u1ea7n t\u00e2y xanh.T\u00e0i x\u1ebf \u0111\u0103ng k\u00fd mua t\u1ea1i C\u00f4ng ty.\u00a0<\/span><\/li>\n<li style=\"font-weight: 400\"><span style=\"font-weight: 400\">Th\u1eddi gian ch\u01b0\u01a1ng tr\u00ecnh khuy\u1ebfn m\u00e3i: <\/span><b>09\/05\/2022 \u0111\u1ebfn 09\/06\/2022<\/b><\/li>\n<\/ul>\n<\/li>\n<\/ul>\n<h3 style=\"text-align: justify\">\u0110\u1ed1i v\u1edbi xe CPP t\u00e1i k\u00fd h\u1ee3p \u0111\u1ed3ng:<\/h3>\n<ul style=\"text-align: justify\">\n<li style=\"list-style-type: none\">\n<ul>\n<li style=\"font-weight: 400\"><span style=\"font-weight: 400\">Th\u1eddi gian h\u1ee3p \u0111\u1ed3ng: <\/span><b>06 th\u00e1ng ho\u1eb7c 01 n\u0103m<\/b><\/li>\n<li style=\"font-weight: 400\"><span style=\"font-weight: 400\">C\u00e1c m\u1ee9c ph\u00ed theo qui \u0111\u1ecbnh ho\u1eb7c th\u00f4ng b\u00e1o c\u1ee7a C\u00f4ng ty<\/span><\/li>\n<li style=\"font-weight: 400\"><span style=\"font-weight: 400\">Ng\u00e0y ngh\u1ec9 gia h\u1ea1n: <\/span><b>12<\/b><span style=\"font-weight: 400\"> ng\u00e0y \u0111\u1ed1i v\u1edbi h\u1ee3p \u0111\u1ed3ng 06 th\u00e1ng v\u00e0 <\/span><b>24<\/b><span style=\"font-weight: 400\"> ng\u00e0y \u0111\u1ed1i v\u1edbi h\u1ee3p \u0111\u1ed3ng 01 n\u0103m<\/span><\/li>\n<li style=\"font-weight: 400\"><span style=\"font-weight: 400\">Ca kinh doanh mi\u1ec5n ph\u00ed:<\/span>\n<ul>\n<li style=\"font-weight: 400\"><b>02<\/b><span style=\"font-weight: 400\"> ng\u00e0y \u0111\u1ea7u ti\u00ean c\u1ee7a h\u1ee3p \u0111\u1ed3ng \u0111\u1ed1i v\u1edbi h\u1ee3p \u0111\u1ed3ng 06 th\u00e1ng <\/span><\/li>\n<li style=\"font-weight: 400\"><b style=\"color: #555555;font-size: 14.4px\">04<\/b><span style=\"font-weight: 400\"> ng\u00e0y \u0111\u1ea7u ti\u00ean \u0111\u1ed1i v\u1edbi h\u1ee3p \u0111\u1ed3ng 01 n\u0103m<\/span><\/li>\n<\/ul>\n<\/li>\n<\/ul>\n<\/li>\n<\/ul>\n<ul style=\"text-align: justify\">\n<li style=\"list-style-type: none\">\n<ul>\n<li style=\"font-weight: 400\"><span style=\"font-weight: 400\">\u0110\u1ed3ng ph\u1ee5c: \u00c1o s\u01a1 mi v\u00e0ng &amp; qu\u1ea7n t\u00e2y xanh.T\u00e0i x\u1ebf \u0111\u0103ng k\u00fd mua t\u1ea1i C\u00f4ng ty.<\/span><\/li>\n<li style=\"font-weight: 400\"><span style=\"font-weight: 400\">Th\u1eddi gian \u00e1p d\u1ee5ng: T\u1eeb ng\u00e0y <\/span><b>09\/05\/2022 cho \u0111\u1ebfn khi c\u00f3 th\u00f4ng b\u00e1o kh\u00e1c<\/b><\/li>\n<\/ul>\n<\/li>\n<\/ul>\n<h2 style=\"text-align: justify\">LI\u00caN H\u1ec6 T\u1ea0I PH\u00d2NG \u0110I\u1ec0U H\u00c0NH<\/h2>\n<ul style=\"text-align: justify\">\n<li style=\"list-style-type: none\">\n<ul>\n<li>\u0110T: 028 38 111 111 \u2013 028 38 155 152 \u2013 0909 103 146 Ch\u1ecb \u0110\u1ea1m Th\u00fay \u2013 Ch\u1ecb Kim Anh \u2013 Ch\u1ecb Ki\u1ec1u Khanh<\/li>\n<\/ul>\n<\/li>\n<\/ul>\n<p style=\"text-align: justify\">\t\t<\/div>\n\t\t\t\t\t<\/div>\n\n\t\n<p style=\"text-align: justify\"><\/div>\n","protected":false},"excerpt":{"rendered":"","protected":false},"author":2,"featured_media":0,"parent":0,"menu_order":0,"comment_status":"closed","ping_status":"closed","template":"page-blank.php","meta":{"footnotes":""},"class_list":["post-352","page","type-page","status-publish","hentry"],"_links":{"self":[{"href":"https:\/\/vinataxi.vn\/en\/wp-json\/wp\/v2\/pages\/352","targetHints":{"allow":["GET"]}}],"collection":[{"href":"https:\/\/vinataxi.vn\/en\/wp-json\/wp\/v2\/pages"}],"about":[{"href":"https:\/\/vinataxi.vn\/en\/wp-json\/wp\/v2\/types\/page"}],"author":[{"embeddable":true,"href":"https:\/\/vinataxi.vn\/en\/wp-json\/wp\/v2\/users\/2"}],"replies":[{"embeddable":true,"href":"https:\/\/vinataxi.vn\/en\/wp-json\/wp\/v2\/comments?post=352"}],"version-history":[{"count":0,"href":"https:\/\/vinataxi.vn\/en\/wp-json\/wp\/v2\/pages\/352\/revisions"}],"wp:attachment":[{"href":"https:\/\/vinataxi.vn\/en\/wp-json\/wp\/v2\/media?parent=352"}],"curies":[{"name":"wp","href":"https:\/\/api.w.org\/{rel}","templated":true}]}}