{"id":355,"date":"2022-05-05T13:48:26","date_gmt":"2022-05-05T06:48:26","guid":{"rendered":"https:\/\/vinataxi.vn\/quang-cao-tren-xe-taxi\/"},"modified":"2022-06-07T11:29:16","modified_gmt":"2022-06-07T04:29:16","slug":"advertising-on-taxi","status":"publish","type":"page","link":"https:\/\/vinataxi.vn\/en\/advertising-on-taxi\/","title":{"rendered":"ADVERTISING ON TAXI"},"content":{"rendered":"\n  <div class=\"banner has-hover\" id=\"banner-1930931999\">\n          <div class=\"banner-inner fill\">\n        <div class=\"banner-bg fill\" >\n            <img loading=\"lazy\" decoding=\"async\" width=\"1020\" height=\"161\" src=\"https:\/\/vinataxi.vn\/wp-content\/uploads\/sites\/68\/2022\/05\/banner.jpg\" class=\"bg attachment-large size-large\" alt=\"\" \/>                        <div class=\"overlay\"><\/div>            \n                    <\/div>\n\t\t\n        <div class=\"banner-layers container\">\n            <div class=\"fill banner-link\"><\/div>            \n   <div id=\"text-box-1549482068\" class=\"text-box banner-layer x50 md-x50 lg-x50 y50 md-y50 lg-y50 res-text\">\n                     <div data-animate=\"bounceInDown\">           <div class=\"text-box-content text dark\">\n              \n              <div class=\"text-inner text-center\">\n                  \n<h4 class=\"uppercase\"><span style=\"color: #0d8e10;font-family: 'times new roman', times, serif\"><strong>ADVERTISING ON TAXI<\/strong><\/span><\/h4>\n              <\/div>\n           <\/div>\n       <\/div>                     \n<style>\n#text-box-1549482068 {\n  width: 60%;\n}\n#text-box-1549482068 .text-box-content {\n  font-size: 100%;\n}\n<\/style>\n    <\/div>\n \n        <\/div>\n      <\/div>\n\n            \n<style>\n#banner-1930931999 {\n  padding-top: 100px;\n}\n#banner-1930931999 .overlay {\n  background-color: rgba(249, 237, 27, 0.791);\n}\n@media (min-width:550px) {\n  #banner-1930931999 {\n    padding-top: 300px;\n  }\n}\n<\/style>\n  <\/div>\n\n\n<div class=\"row\"  id=\"row-2013401631\">\n\n\t<div id=\"col-1248670746\" class=\"col medium-3 small-12 large-3\"  >\n\t\t\t\t<div class=\"col-inner\"  >\n\t\t\t\n\t\t\t\n\t<div class=\"img has-hover x md-x lg-x y md-y lg-y\" id=\"image_964154768\">\n\t\t\t\t\t\t\t\t<div class=\"img-inner dark\" >\n\t\t\t<img loading=\"lazy\" decoding=\"async\" width=\"300\" height=\"100\" src=\"https:\/\/vinataxi.vn\/wp-content\/uploads\/sites\/68\/2022\/05\/tongdai.png\" class=\"attachment-large size-large\" alt=\"\" \/>\t\t\t\t\t\t\n\t\t\t\t\t<\/div>\n\t\t\t\t\t\t\t\t\n<style>\n#image_964154768 {\n  width: 100%;\n}\n<\/style>\n\t<\/div>\n\t\n\n<div class=\"row\"  id=\"row-604446684\">\n\n\n\t<div id=\"col-2049271494\" class=\"col small-12 large-12\"  >\n\t\t\t\t<div class=\"col-inner\"  >\n\t\t\t\n\t\t\t\n\n<div class=\"container section-title-container\" ><h3 class=\"section-title section-title-center\"><b aria-hidden=\"true\"><\/b><span class=\"section-title-main\" >SERVICE<\/span><b aria-hidden=\"true\"><\/b><\/h3><\/div>\n\n<a href=\"https:\/\/vinataxi.vn\/en\/the-4-seater-taxi\/\" class=\"button primary is-small box-shadow-1 box-shadow-4-hover expand\" style=\"border-radius:10px;\">\n\t<i class=\"icon-angle-right\" aria-hidden=\"true\"><\/i>\t<span>THE 4 SEATER TAXI<\/span>\n\t<\/a>\n\n\n<a href=\"https:\/\/vinataxi.vn\/en\/the-7-seater-taxi\/\" class=\"button primary is-small box-shadow-1 box-shadow-4-hover expand\" style=\"border-radius:10px;\">\n\t<i class=\"icon-angle-right\" aria-hidden=\"true\"><\/i>\t<span>THE 7 SEATER TAXI<\/span>\n\t<\/a>\n\n\n<a href=\"https:\/\/vinataxi.vn\/en\/the-corporate-card\/\" class=\"button primary is-small box-shadow-1 box-shadow-4-hover expand\" style=\"border-radius:10px;\">\n\t<i class=\"icon-angle-right\" aria-hidden=\"true\"><\/i>\t<span>THE CORPORATE CARD<\/span>\n\t<\/a>\n\n\n<a href=\"https:\/\/vinataxi.vn\/en\/the-prepaid-taxi-voucher\/\" class=\"button primary is-small box-shadow-1 box-shadow-4-hover expand\" style=\"border-radius:10px;\">\n\t<i class=\"icon-angle-right\" aria-hidden=\"true\"><\/i>\t<span>THE PREPAID TAXI VOUCHER<\/span>\n\t<\/a>\n\n\n<a href=\"https:\/\/vinataxi.vn\/en\/advertising-on-taxi\/\" class=\"button primary is-small box-shadow-1 box-shadow-4-hover expand\" style=\"border-radius:10px;\">\n\t<i class=\"icon-angle-right\" aria-hidden=\"true\"><\/i>\t<span>ADVERTISING ON TAXI<\/span>\n\t<\/a>\n\n\n<a href=\"https:\/\/vinataxi.vn\/en\/taxi-service-to-other-provinces\/\" class=\"button primary is-small box-shadow-1 box-shadow-4-hover expand\" style=\"border-radius:10px;\">\n\t<i class=\"icon-angle-right\" aria-hidden=\"true\"><\/i>\t<span>TAXI SERVICE PROVINCES<\/span>\n\t<\/a>\n\n\n<a href=\"https:\/\/vinataxi.vn\/en\/online-taxi-booking\/\" class=\"button primary is-small box-shadow-1 box-shadow-4-hover expand\" style=\"border-radius:10px;\">\n\t<i class=\"icon-angle-right\" aria-hidden=\"true\"><\/i>\t<span>ONLINE TAXI BOOKING<\/span>\n\t<\/a>\n\n\n<a href=\"https:\/\/vinataxi.vn\/en\/garae\/\" class=\"button primary is-small box-shadow-1 box-shadow-4-hover expand\" style=\"border-radius:10px;\">\n\t<i class=\"icon-angle-right\" aria-hidden=\"true\"><\/i>\t<span>Garage<\/span>\n\t<\/a>\n\n\n\n\t\t<\/div>\n\t\t\t\t\t<\/div>\n\n\t\n\n\n<style>\n#row-604446684 > .col > .col-inner {\n  padding: 8px 5px 1px 5px;\n  background-color: rgb(243, 241, 241);\n}\n<\/style>\n<\/div>\n<div class=\"video video-fit mb\" style=\"padding-top:56.25%;\"><p><iframe loading=\"lazy\" title=\"Vinataxi\" width=\"1020\" height=\"574\" src=\"https:\/\/www.youtube.com\/embed\/teRET2FfRwo?feature=oembed\" frameborder=\"0\" allow=\"accelerometer; autoplay; clipboard-write; encrypted-media; gyroscope; picture-in-picture\" allowfullscreen><\/iframe><\/p>\n<\/div>\n\t\t<\/div>\n\t\t\t\t\t<\/div>\n\n\t\n\n\t<div id=\"col-261131465\" class=\"col medium-9 small-12 large-9\"  >\n\t\t\t\t<div class=\"col-inner\"  >\n\t\t\t\n\t\t\t\n<h2 style=\"text-align: center\">Hi\u1ec7n t\u1ea1i VINATAXI \u0111ang kinh doanh cho thu\u00ea xe \u0111\u1ec3 Qu\u1ea3ng C\u00e1o ho\u1eb7c h\u1ee3p t\u00e1c Qu\u1ea3ng C\u00e1o.<\/h2>\n<p style=\"text-align: center\"><span style=\"color: #ff0000\"><strong>LI\u00caN H\u1ec6: 38 150 111 ho\u1eb7c 0903 778 164 &#8211; Ms.Y\u1ebfn<\/strong><\/span><\/p>\n<h3><span style=\"color: #ff0000\">QU\u1ea2NG C\u00c1O TR\u00caN XE 7 CH\u1ed6<\/span><\/h3>\n<h4>V\u1ecb tr\u00ed tr\u00e0n \u0111u\u00f4i<\/h4>\n<p style=\"text-align: center\"><img loading=\"lazy\" decoding=\"async\" class=\"aligncenter wp-image-240 size-full\" src=\"https:\/\/vinataxi.vn\/wp-content\/uploads\/sites\/68\/2022\/05\/ads1.jpg\" alt=\"\" width=\"750\" height=\"233\" srcset=\"https:\/\/vinataxi.vn\/wp-content\/uploads\/sites\/68\/2022\/05\/ads1.jpg 750w, https:\/\/vinataxi.vn\/wp-content\/uploads\/sites\/68\/2022\/05\/ads1-300x93.jpg 300w\" sizes=\"auto, (max-width: 750px) 100vw, 750px\" \/><\/p>\n<h4>V\u1ecb tr\u00ed hai c\u00e1nh c\u1eeda<\/h4>\n<p style=\"text-align: center\"><img loading=\"lazy\" decoding=\"async\" class=\"aligncenter wp-image-241 size-full\" src=\"https:\/\/vinataxi.vn\/wp-content\/uploads\/sites\/68\/2022\/05\/ads2.jpg\" alt=\"\" width=\"750\" height=\"233\" srcset=\"https:\/\/vinataxi.vn\/wp-content\/uploads\/sites\/68\/2022\/05\/ads2.jpg 750w, https:\/\/vinataxi.vn\/wp-content\/uploads\/sites\/68\/2022\/05\/ads2-300x93.jpg 300w\" sizes=\"auto, (max-width: 750px) 100vw, 750px\" \/><\/p>\n<h4>V\u1ecb tr\u00ed c\u00e1nh c\u1eeda sau<\/h4>\n<p style=\"text-align: center\"><img loading=\"lazy\" decoding=\"async\" class=\"aligncenter wp-image-242 size-full\" src=\"https:\/\/vinataxi.vn\/wp-content\/uploads\/sites\/68\/2022\/05\/ads3.jpg\" alt=\"\" width=\"750\" height=\"233\" srcset=\"https:\/\/vinataxi.vn\/wp-content\/uploads\/sites\/68\/2022\/05\/ads3.jpg 750w, https:\/\/vinataxi.vn\/wp-content\/uploads\/sites\/68\/2022\/05\/ads3-300x93.jpg 300w\" sizes=\"auto, (max-width: 750px) 100vw, 750px\" \/><\/p>\n<h4>V\u1ecb tr\u00ed ch\u1eef U sau \u0111u\u00f4i xe<\/h4>\n<p style=\"text-align: center\"><img loading=\"lazy\" decoding=\"async\" class=\"alignnone size-medium wp-image-243\" src=\"https:\/\/vinataxi.vn\/wp-content\/uploads\/sites\/68\/2022\/05\/ads4-300x268.jpg\" alt=\"\" width=\"300\" height=\"268\" srcset=\"https:\/\/vinataxi.vn\/wp-content\/uploads\/sites\/68\/2022\/05\/ads4-300x268.jpg 300w, https:\/\/vinataxi.vn\/wp-content\/uploads\/sites\/68\/2022\/05\/ads4.jpg 370w\" sizes=\"auto, (max-width: 300px) 100vw, 300px\" \/><\/p>\n<h3><span style=\"color: #ff0000\">QU\u1ea2NG C\u00c1O TR\u00caN XE 4 CH\u1ed6<\/span><\/h3>\n<h4>Tr\u00e0n \u0111u\u00f4i: (k\u00edch th\u01b0\u1edbc 180cm x 89cm)<\/h4>\n<p style=\"text-align: center\"><img loading=\"lazy\" decoding=\"async\" class=\"aligncenter wp-image-244 size-full\" src=\"https:\/\/vinataxi.vn\/wp-content\/uploads\/sites\/68\/2022\/05\/ads5.jpg\" alt=\"\" width=\"988\" height=\"542\" srcset=\"https:\/\/vinataxi.vn\/wp-content\/uploads\/sites\/68\/2022\/05\/ads5.jpg 988w, https:\/\/vinataxi.vn\/wp-content\/uploads\/sites\/68\/2022\/05\/ads5-300x165.jpg 300w, https:\/\/vinataxi.vn\/wp-content\/uploads\/sites\/68\/2022\/05\/ads5-768x421.jpg 768w\" sizes=\"auto, (max-width: 988px) 100vw, 988px\" \/><\/p>\n<h4>C\u00e1nh c\u1eeda sau<\/h4>\n<p style=\"text-align: center\"><img loading=\"lazy\" decoding=\"async\" class=\"alignnone wp-image-245 size-full\" src=\"https:\/\/vinataxi.vn\/wp-content\/uploads\/sites\/68\/2022\/05\/ads6.jpg\" alt=\"\" width=\"750\" height=\"233\" srcset=\"https:\/\/vinataxi.vn\/wp-content\/uploads\/sites\/68\/2022\/05\/ads6.jpg 750w, https:\/\/vinataxi.vn\/wp-content\/uploads\/sites\/68\/2022\/05\/ads6-300x93.jpg 300w\" sizes=\"auto, (max-width: 750px) 100vw, 750px\" \/><\/p>\n<h4>Hai c\u00e1nh c\u1eeda<\/h4>\n<p style=\"text-align: center\"><img loading=\"lazy\" decoding=\"async\" class=\"alignnone wp-image-247 size-full\" src=\"https:\/\/vinataxi.vn\/wp-content\/uploads\/sites\/68\/2022\/05\/ads7.jpg\" alt=\"\" width=\"750\" height=\"233\" srcset=\"https:\/\/vinataxi.vn\/wp-content\/uploads\/sites\/68\/2022\/05\/ads7.jpg 750w, https:\/\/vinataxi.vn\/wp-content\/uploads\/sites\/68\/2022\/05\/ads7-300x93.jpg 300w\" sizes=\"auto, (max-width: 750px) 100vw, 750px\" \/><\/p>\n<h4>K\u00ednh tam gi\u00e1c<\/h4>\n<p style=\"text-align: center\"><img loading=\"lazy\" decoding=\"async\" class=\"alignnone wp-image-246 size-full\" src=\"https:\/\/vinataxi.vn\/wp-content\/uploads\/sites\/68\/2022\/05\/ads8.jpg\" alt=\"\" width=\"452\" height=\"607\" srcset=\"https:\/\/vinataxi.vn\/wp-content\/uploads\/sites\/68\/2022\/05\/ads8.jpg 452w, https:\/\/vinataxi.vn\/wp-content\/uploads\/sites\/68\/2022\/05\/ads8-223x300.jpg 223w\" sizes=\"auto, (max-width: 452px) 100vw, 452px\" \/><\/p>\n<h4>K\u00ednh h\u00ecnh thang<\/h4>\n<p style=\"text-align: center\"><img loading=\"lazy\" decoding=\"async\" class=\"alignnone wp-image-248 size-full\" src=\"https:\/\/vinataxi.vn\/wp-content\/uploads\/sites\/68\/2022\/05\/ads9.jpg\" alt=\"\" width=\"845\" height=\"466\" srcset=\"https:\/\/vinataxi.vn\/wp-content\/uploads\/sites\/68\/2022\/05\/ads9.jpg 845w, https:\/\/vinataxi.vn\/wp-content\/uploads\/sites\/68\/2022\/05\/ads9-300x165.jpg 300w, https:\/\/vinataxi.vn\/wp-content\/uploads\/sites\/68\/2022\/05\/ads9-768x424.jpg 768w\" sizes=\"auto, (max-width: 845px) 100vw, 845px\" \/><\/p>\n<h4>M\u0169i xe<\/h4>\n<p style=\"text-align: center\"><img loading=\"lazy\" decoding=\"async\" class=\"alignnone wp-image-249 size-full\" src=\"https:\/\/vinataxi.vn\/wp-content\/uploads\/sites\/68\/2022\/05\/ads10.jpg\" alt=\"\" width=\"585\" height=\"341\" srcset=\"https:\/\/vinataxi.vn\/wp-content\/uploads\/sites\/68\/2022\/05\/ads10.jpg 585w, https:\/\/vinataxi.vn\/wp-content\/uploads\/sites\/68\/2022\/05\/ads10-300x175.jpg 300w\" sizes=\"auto, (max-width: 585px) 100vw, 585px\" \/><\/p>\n<h4>\u0110\u1ea7u xe &#8211; \u0111u\u00f4i xe<\/h4>\n<p style=\"text-align: center\"><img loading=\"lazy\" decoding=\"async\" class=\"aligncenter wp-image-250 size-full\" src=\"https:\/\/vinataxi.vn\/wp-content\/uploads\/sites\/68\/2022\/05\/ads11.jpg\" alt=\"\" width=\"750\" height=\"193\" srcset=\"https:\/\/vinataxi.vn\/wp-content\/uploads\/sites\/68\/2022\/05\/ads11.jpg 750w, https:\/\/vinataxi.vn\/wp-content\/uploads\/sites\/68\/2022\/05\/ads11-300x77.jpg 300w\" sizes=\"auto, (max-width: 750px) 100vw, 750px\" \/><\/p>\n<h4>Sau l\u01b0ng gh\u1ebf tr\u01b0\u1edbc<\/h4>\n<p style=\"text-align: center\"><img loading=\"lazy\" decoding=\"async\" class=\"alignnone wp-image-251 size-full\" src=\"https:\/\/vinataxi.vn\/wp-content\/uploads\/sites\/68\/2022\/05\/ads12.jpg\" alt=\"\" width=\"351\" height=\"544\" srcset=\"https:\/\/vinataxi.vn\/wp-content\/uploads\/sites\/68\/2022\/05\/ads12.jpg 351w, https:\/\/vinataxi.vn\/wp-content\/uploads\/sites\/68\/2022\/05\/ads12-194x300.jpg 194w\" sizes=\"auto, (max-width: 351px) 100vw, 351px\" \/><\/p>\n<h4>T\u00fai nh\u1ef1a sau l\u01b0ng gh\u1ebf (c\u00f3 th\u1ec3 \u0111\u1ec3 th\u00eam brochuers trong t\u00fai)<\/h4>\n<p style=\"text-align: center\"><img loading=\"lazy\" decoding=\"async\" class=\"alignnone wp-image-252 size-full\" src=\"https:\/\/vinataxi.vn\/wp-content\/uploads\/sites\/68\/2022\/05\/ads13.jpg\" alt=\"\" width=\"351\" height=\"508\" srcset=\"https:\/\/vinataxi.vn\/wp-content\/uploads\/sites\/68\/2022\/05\/ads13.jpg 351w, https:\/\/vinataxi.vn\/wp-content\/uploads\/sites\/68\/2022\/05\/ads13-207x300.jpg 207w\" sizes=\"auto, (max-width: 351px) 100vw, 351px\" \/><\/p>\n<p style=\"text-align: justify\">NGO\u00c0I RA, C\u00d2N NHI\u1ec0U V\u1eca TR\u00cd KH\u00c1C D\u00c0NH CHO QU\u00dd KH\u00c1CH H\u00c0NG C\u00d3 TH\u1ec2 CH\u1eccN L\u1ef0A, H\u00c3Y LI\u00caN H\u1ec6 NGAY V\u1edaI CH\u00daNG T\u00d4I \u0110\u1ec2 \u0110\u01af\u1ee2C T\u01af V\u1ea4N TH\u00d4NG TIN TR\u1ef0C TI\u1ebeP V\u00c0 \u0110\u01af\u1ee2C H\u01af\u1edeNG NH\u1eeeNG M\u1ee8C GI\u00c1 \u01afU \u0110\u00c3I NH\u1ea4T<\/p>\n<h2 style=\"text-align: center\">\u1ea2nh th\u1ef1c t\u1ebf qu\u1ea3ng c\u00e1o tr\u00ean xe taxi<\/h2>\n<table style=\"border-collapse: collapse;width: 100%\">\n<tbody>\n<tr>\n<td style=\"width: 33.3333%;text-align: center\"><a href=\"https:\/\/vinataxi.vn\/wp-content\/uploads\/sites\/68\/2022\/05\/qc1.jpg\"><img loading=\"lazy\" decoding=\"async\" class=\"alignnone wp-image-167 size-medium\" src=\"https:\/\/vinataxi.vn\/wp-content\/uploads\/sites\/68\/2022\/05\/qc1-300x171.jpg\" alt=\"\" width=\"300\" height=\"171\" srcset=\"https:\/\/vinataxi.vn\/wp-content\/uploads\/sites\/68\/2022\/05\/qc1-300x171.jpg 300w, https:\/\/vinataxi.vn\/wp-content\/uploads\/sites\/68\/2022\/05\/qc1.jpg 700w\" sizes=\"auto, (max-width: 300px) 100vw, 300px\" \/><\/a><\/td>\n<td style=\"width: 33.3333%;text-align: center\"><a href=\"https:\/\/vinataxi.vn\/wp-content\/uploads\/sites\/68\/2022\/05\/qc2.jpg\"><img loading=\"lazy\" decoding=\"async\" class=\"alignnone wp-image-168 size-medium\" src=\"https:\/\/vinataxi.vn\/wp-content\/uploads\/sites\/68\/2022\/05\/qc2-300x171.jpg\" alt=\"\" width=\"300\" height=\"171\" srcset=\"https:\/\/vinataxi.vn\/wp-content\/uploads\/sites\/68\/2022\/05\/qc2-300x171.jpg 300w, https:\/\/vinataxi.vn\/wp-content\/uploads\/sites\/68\/2022\/05\/qc2.jpg 700w\" sizes=\"auto, (max-width: 300px) 100vw, 300px\" \/><\/a><\/td>\n<td style=\"width: 33.3333%;text-align: center\"><a href=\"https:\/\/vinataxi.vn\/wp-content\/uploads\/sites\/68\/2022\/05\/qc3.jpg\"><img loading=\"lazy\" decoding=\"async\" class=\"alignnone wp-image-169 size-medium\" src=\"https:\/\/vinataxi.vn\/wp-content\/uploads\/sites\/68\/2022\/05\/qc3-300x171.jpg\" alt=\"\" width=\"300\" height=\"171\" srcset=\"https:\/\/vinataxi.vn\/wp-content\/uploads\/sites\/68\/2022\/05\/qc3-300x171.jpg 300w, https:\/\/vinataxi.vn\/wp-content\/uploads\/sites\/68\/2022\/05\/qc3.jpg 700w\" sizes=\"auto, (max-width: 300px) 100vw, 300px\" \/><\/a><\/td>\n<\/tr>\n<tr>\n<td style=\"width: 33.3333%;text-align: center\"><a href=\"https:\/\/vinataxi.vn\/wp-content\/uploads\/sites\/68\/2022\/05\/qc4.jpg\"><img loading=\"lazy\" decoding=\"async\" class=\"alignnone wp-image-170 size-medium\" src=\"https:\/\/vinataxi.vn\/wp-content\/uploads\/sites\/68\/2022\/05\/qc4-300x171.jpg\" alt=\"\" width=\"300\" height=\"171\" srcset=\"https:\/\/vinataxi.vn\/wp-content\/uploads\/sites\/68\/2022\/05\/qc4-300x171.jpg 300w, https:\/\/vinataxi.vn\/wp-content\/uploads\/sites\/68\/2022\/05\/qc4.jpg 700w\" sizes=\"auto, (max-width: 300px) 100vw, 300px\" \/><\/a><\/td>\n<td style=\"width: 33.3333%;text-align: center\"><a href=\"https:\/\/vinataxi.vn\/wp-content\/uploads\/sites\/68\/2022\/05\/qc5.jpg\"><img loading=\"lazy\" decoding=\"async\" class=\"alignnone wp-image-171 size-medium\" src=\"https:\/\/vinataxi.vn\/wp-content\/uploads\/sites\/68\/2022\/05\/qc5-300x171.jpg\" alt=\"\" width=\"300\" height=\"171\" srcset=\"https:\/\/vinataxi.vn\/wp-content\/uploads\/sites\/68\/2022\/05\/qc5-300x171.jpg 300w, https:\/\/vinataxi.vn\/wp-content\/uploads\/sites\/68\/2022\/05\/qc5.jpg 700w\" sizes=\"auto, (max-width: 300px) 100vw, 300px\" \/><\/a><\/td>\n<td style=\"width: 33.3333%;text-align: center\"><a href=\"https:\/\/vinataxi.vn\/wp-content\/uploads\/sites\/68\/2022\/05\/qc6.jpg\"><img loading=\"lazy\" decoding=\"async\" class=\"alignnone wp-image-172 size-medium\" src=\"https:\/\/vinataxi.vn\/wp-content\/uploads\/sites\/68\/2022\/05\/qc6-300x171.jpg\" alt=\"\" width=\"300\" height=\"171\" srcset=\"https:\/\/vinataxi.vn\/wp-content\/uploads\/sites\/68\/2022\/05\/qc6-300x171.jpg 300w, https:\/\/vinataxi.vn\/wp-content\/uploads\/sites\/68\/2022\/05\/qc6.jpg 700w\" sizes=\"auto, (max-width: 300px) 100vw, 300px\" \/><\/a><\/td>\n<\/tr>\n<tr>\n<td style=\"width: 33.3333%;text-align: center\"><a href=\"https:\/\/vinataxi.vn\/wp-content\/uploads\/sites\/68\/2022\/05\/qc7.jpg\"><img loading=\"lazy\" decoding=\"async\" class=\"alignnone wp-image-173 size-medium\" src=\"https:\/\/vinataxi.vn\/wp-content\/uploads\/sites\/68\/2022\/05\/qc7-300x171.jpg\" alt=\"\" width=\"300\" height=\"171\" srcset=\"https:\/\/vinataxi.vn\/wp-content\/uploads\/sites\/68\/2022\/05\/qc7-300x171.jpg 300w, https:\/\/vinataxi.vn\/wp-content\/uploads\/sites\/68\/2022\/05\/qc7.jpg 700w\" sizes=\"auto, (max-width: 300px) 100vw, 300px\" \/><\/a><\/td>\n<td style=\"width: 33.3333%;text-align: center\"><a href=\"https:\/\/vinataxi.vn\/wp-content\/uploads\/sites\/68\/2022\/05\/qc8.jpg\"><img loading=\"lazy\" decoding=\"async\" class=\"alignnone wp-image-174 size-medium\" src=\"https:\/\/vinataxi.vn\/wp-content\/uploads\/sites\/68\/2022\/05\/qc8-300x171.jpg\" alt=\"\" width=\"300\" height=\"171\" srcset=\"https:\/\/vinataxi.vn\/wp-content\/uploads\/sites\/68\/2022\/05\/qc8-300x171.jpg 300w, https:\/\/vinataxi.vn\/wp-content\/uploads\/sites\/68\/2022\/05\/qc8.jpg 700w\" sizes=\"auto, (max-width: 300px) 100vw, 300px\" \/><\/a><\/td>\n<td style=\"width: 33.3333%;text-align: center\"><a href=\"https:\/\/vinataxi.vn\/wp-content\/uploads\/sites\/68\/2022\/05\/qc9.jpg\"><img loading=\"lazy\" decoding=\"async\" class=\"alignnone wp-image-175 size-medium\" src=\"https:\/\/vinataxi.vn\/wp-content\/uploads\/sites\/68\/2022\/05\/qc9-300x171.jpg\" alt=\"\" width=\"300\" height=\"171\" srcset=\"https:\/\/vinataxi.vn\/wp-content\/uploads\/sites\/68\/2022\/05\/qc9-300x171.jpg 300w, https:\/\/vinataxi.vn\/wp-content\/uploads\/sites\/68\/2022\/05\/qc9.jpg 700w\" sizes=\"auto, (max-width: 300px) 100vw, 300px\" \/><\/a><\/td>\n<\/tr>\n<\/tbody>\n<\/table>\n<p>Th\u00f4ng tin chi ti\u1ebft vui l\u00f2ng li\u00ean h\u1ec7:<\/p>\n<h2>PH\u00d2NG TH\u01af\u01a0NG V\u1ee4 VINATAXI<\/h2>\n<p style=\"padding-left: 40px\">\u00bb L\u00f4 IV \u2013 15B KCN T\u00e2n B\u00ecnh, Q T\u00e2n Ph\u00fa, HCM<\/p>\n<p style=\"padding-left: 40px\">\u00bb Tel: (+8428) 38 150 111 &#8211; 0903 778 164 Ms.Y\u1ebfn<\/p>\n<p style=\"padding-left: 40px\">\u00bb Email: <a href=\"mailto:info@vinataxi.vn\">info@vinataxi.vn<\/a><\/p>\n\t\t<\/div>\n\t\t\t\t\t<\/div>\n\n\t\n<\/div>\n","protected":false},"excerpt":{"rendered":"","protected":false},"author":2,"featured_media":0,"parent":0,"menu_order":0,"comment_status":"closed","ping_status":"closed","template":"page-blank.php","meta":{"footnotes":""},"class_list":["post-355","page","type-page","status-publish","hentry"],"_links":{"self":[{"href":"https:\/\/vinataxi.vn\/en\/wp-json\/wp\/v2\/pages\/355","targetHints":{"allow":["GET"]}}],"collection":[{"href":"https:\/\/vinataxi.vn\/en\/wp-json\/wp\/v2\/pages"}],"about":[{"href":"https:\/\/vinataxi.vn\/en\/wp-json\/wp\/v2\/types\/page"}],"author":[{"embeddable":true,"href":"https:\/\/vinataxi.vn\/en\/wp-json\/wp\/v2\/users\/2"}],"replies":[{"embeddable":true,"href":"https:\/\/vinataxi.vn\/en\/wp-json\/wp\/v2\/comments?post=355"}],"version-history":[{"count":0,"href":"https:\/\/vinataxi.vn\/en\/wp-json\/wp\/v2\/pages\/355\/revisions"}],"wp:attachment":[{"href":"https:\/\/vinataxi.vn\/en\/wp-json\/wp\/v2\/media?parent=355"}],"curies":[{"name":"wp","href":"https:\/\/api.w.org\/{rel}","templated":true}]}}