{"id":362,"date":"2022-05-05T13:35:59","date_gmt":"2022-05-05T06:35:59","guid":{"rendered":"https:\/\/vinataxi.vn\/vi-tri-khac\/"},"modified":"2022-05-21T18:20:47","modified_gmt":"2022-05-21T11:20:47","slug":"job-application","status":"publish","type":"page","link":"https:\/\/vinataxi.vn\/en\/job-application\/","title":{"rendered":"JOB APPLICATION"},"content":{"rendered":"\n  <div class=\"banner has-hover\" id=\"banner-2094651014\">\n          <div class=\"banner-inner fill\">\n        <div class=\"banner-bg fill\" >\n            <img loading=\"lazy\" decoding=\"async\" width=\"1020\" height=\"161\" src=\"https:\/\/vinataxi.vn\/wp-content\/uploads\/sites\/68\/2022\/05\/banner.jpg\" class=\"bg attachment-large size-large\" alt=\"\" \/>                        <div class=\"overlay\"><\/div>            \n                    <\/div>\n\t\t\n        <div class=\"banner-layers container\">\n            <div class=\"fill banner-link\"><\/div>            \n   <div id=\"text-box-473018295\" class=\"text-box banner-layer x50 md-x50 lg-x50 y50 md-y50 lg-y50 res-text\">\n                     <div data-animate=\"bounceInDown\">           <div class=\"text-box-content text dark\">\n              \n              <div class=\"text-inner text-center\">\n                  \n\t<div id=\"text-3499266753\" class=\"text\">\n\t\t\n<h4 class=\"uppercase\" style=\"text-align: center\"><span style=\"color: #0d8e10;font-family: 'times new roman', times, serif\"><strong>JOB APPLICATION<\/strong><\/span><\/h4>\n\t\t\n<style>\n#text-3499266753 {\n  text-align: center;\n}\n<\/style>\n\t<\/div>\n\t\n              <\/div>\n           <\/div>\n       <\/div>                     \n<style>\n#text-box-473018295 {\n  width: 60%;\n}\n#text-box-473018295 .text-box-content {\n  font-size: 100%;\n}\n<\/style>\n    <\/div>\n \n        <\/div>\n      <\/div>\n\n            \n<style>\n#banner-2094651014 {\n  padding-top: 100px;\n}\n#banner-2094651014 .overlay {\n  background-color: rgba(249, 237, 27, 0.791);\n}\n@media (min-width:550px) {\n  #banner-2094651014 {\n    padding-top: 300px;\n  }\n}\n<\/style>\n  <\/div>\n\n\n<div class=\"row\"  id=\"row-931010227\">\n\n\t<div id=\"col-443683013\" class=\"col medium-3 small-12 large-3\"  >\n\t\t\t\t<div class=\"col-inner\"  >\n\t\t\t\n\t\t\t\n\t<div class=\"img has-hover x md-x lg-x y md-y lg-y\" id=\"image_1471063181\">\n\t\t\t\t\t\t\t\t<div class=\"img-inner dark\" >\n\t\t\t<img loading=\"lazy\" decoding=\"async\" width=\"300\" height=\"100\" src=\"https:\/\/vinataxi.vn\/wp-content\/uploads\/sites\/68\/2022\/05\/tongdai.png\" class=\"attachment-large size-large\" alt=\"\" \/>\t\t\t\t\t\t\n\t\t\t\t\t<\/div>\n\t\t\t\t\t\t\t\t\n<style>\n#image_1471063181 {\n  width: 100%;\n}\n<\/style>\n\t<\/div>\n\t\r\n\r\n<div class=\"row\"  id=\"row-693982571\">\r\n\r\n\n\t<div id=\"col-456673357\" class=\"col small-12 large-12\"  >\n\t\t\t\t<div class=\"col-inner\"  >\n\t\t\t\n\t\t\t\r\n\r\n<div class=\"container section-title-container\" ><h3 class=\"section-title section-title-center\"><b aria-hidden=\"true\"><\/b><span class=\"section-title-main\" >RECRUITMENT<\/span><b aria-hidden=\"true\"><\/b><\/h3><\/div>\r\n\r\n<a href=\"https:\/\/vinataxi.vn\/en\/business-collaboration\/\" class=\"button primary is-small box-shadow-1 box-shadow-4-hover expand\" style=\"border-radius:10px;\">\n\t<i class=\"icon-angle-right\" aria-hidden=\"true\"><\/i>\t<span>BUSINESS COLLAPORATION<\/span>\n\t<\/a>\n\r\n\r\n<a href=\"https:\/\/vinataxi.vn\/en\/driver\/\" class=\"button primary is-small box-shadow-1 box-shadow-4-hover expand\" style=\"border-radius:10px;\">\n\t<i class=\"icon-angle-right\" aria-hidden=\"true\"><\/i>\t<span>DRIVER<\/span>\n\t<\/a>\n\r\n\r\n<a href=\"https:\/\/vinataxi.vn\/en\/job-application\/\" class=\"button primary is-small box-shadow-1 box-shadow-4-hover expand\" style=\"border-radius:10px;\">\n\t<i class=\"icon-angle-right\" aria-hidden=\"true\"><\/i>\t<span>JOB APPLICATION<\/span>\n\t<\/a>\n\r\n\r\n\t\t<\/div>\n\t\t\t\t\t<\/div>\n\n\t\r\n\r\n\n<style>\n#row-693982571 > .col > .col-inner {\n  padding: 8px 5px 1px 5px;\n  background-color: rgb(243, 241, 241);\n}\n<\/style>\n<\/div>\r\n<div class=\"video video-fit mb\" style=\"padding-top:56.25%;\"><p><iframe loading=\"lazy\" title=\"Vinataxi\" width=\"1020\" height=\"574\" src=\"https:\/\/www.youtube.com\/embed\/teRET2FfRwo?feature=oembed\" frameborder=\"0\" allow=\"accelerometer; autoplay; clipboard-write; encrypted-media; gyroscope; picture-in-picture\" allowfullscreen><\/iframe><\/p>\n<\/div>\n\t\t<\/div>\n\t\t\t\t\t<\/div>\n\n\t\n\n\t<div id=\"col-1923160783\" class=\"col medium-9 small-12 large-9\"  >\n\t\t\t\t<div class=\"col-inner\"  >\n\t\t\t\n\t\t\t\n<h2 style=\"text-align: center\">C\u00c1C V\u1eca TR\u00cd TUY\u1ec2N D\u1ee4NG KH\u00c1C<\/h2>\n<h3>NH\u00c2N VI\u00caN TI\u1ebeP TH\u1eca \u0110I\u1ec2M<\/h3>\n<h4 style=\"text-align: justify\">\u00a0Chi ti\u1ebft c\u00f4ng vi\u1ec7c<\/h4>\n<ul>\n<li style=\"list-style-type: none\">\n<ul>\n<li style=\"text-align: justify\"><span style=\"font-weight: 400\">\u0110\u00f3n m\u1eddi kh\u00e1ch h\u00e0ng \u0111i taxi t\u1ea1i \u0110i\u1ec3m Kinh Doanh \u0111\u01b0\u1ee3c ph\u00e2n b\u1ed5.<\/span><\/li>\n<li style=\"text-align: justify\">S\u1eafp x\u1ebfp v\u00e0 \u0111i\u1ec1u \u0111\u1ed9ng t\u00e0i x\u1ebf ph\u1ee5c v\u1ee5 kh\u00e1ch h\u00e0ng.<\/li>\n<li style=\"text-align: justify\">K\u1ebft h\u1ee3p v\u1edbi t\u00e0i x\u1ebf ph\u1ee5c v\u1ee5 kh\u00e1ch h\u00e0ng m\u1ed9t c\u00e1ch t\u1ed1t nh\u1ea5t<\/li>\n<li style=\"text-align: justify\">L\u00e0m vi\u1ec7c t\u1ea1i m\u1ed9t trong nh\u1eefng \u0111i\u1ec3m:\u00a0 Q1, Q7, Q. T\u00e2n B\u00ecnh, Q. Ph\u00fa Nhu\u1eadn, Q. B\u00ecnh Th\u1ea1nh, Q.B\u00ecnh T\u00e2n.<\/li>\n<\/ul>\n<\/li>\n<\/ul>\n<h4 style=\"text-align: justify\">Y\u00eau c\u1ea7u<\/h4>\n<ul>\n<li style=\"list-style-type: none\">\n<ul>\n<li style=\"text-align: justify\"><span style=\"font-weight: 400\">T\u1ed1t nghi\u1ec7p Trung c\u1ea5p ho\u1eb7c PTTH<\/span><\/li>\n<li style=\"text-align: justify\"><span style=\"font-weight: 400\">L\u1ecbch s\u1ef1, n\u0103ng \u0111\u1ed9ng<\/span><\/li>\n<li style=\"text-align: justify\"><span style=\"font-weight: 400\">Giao ti\u1ebfp r\u00f5 r\u00e0ng<\/span><\/li>\n<\/ul>\n<\/li>\n<\/ul>\n<h3>TH\u1ee2 S\u01a0N<\/h3>\n<h4 style=\"text-align: justify\">Chi ti\u1ebft c\u00f4ng vi\u1ec7c<\/h4>\n<ul>\n<li style=\"list-style-type: none\">\n<ul>\n<li style=\"text-align: justify\"><span style=\"font-weight: 400\">Th\u1ef1c hi\u1ec7n c\u00f4ng vi\u1ec7c s\u01a1n xe \u00f4 t\u00f4 bao g\u1ed3m s\u01a1n d\u1eb7m v\u00e0 s\u01a1n \u0111\u1ea1i tu to\u00e0n b\u1ed9 xe<\/span><\/li>\n<li style=\"text-align: justify\">C\u00e1c c\u00f4ng vi\u1ec7c kh\u00e1c c\u00f3 li\u00ean quan theo ch\u1ec9 \u0111\u1ecbnh c\u1ee7a Qu\u1ea3n \u0110\u1ed1c X\u01b0\u1edfng<\/li>\n<\/ul>\n<\/li>\n<\/ul>\n<h4 style=\"text-align: justify\">Y\u00eau c\u1ea7u<\/h4>\n<ul>\n<li style=\"list-style-type: none\">\n<ul>\n<li><span style=\"font-weight: 400\">\u00cdt nh\u1ea5t 01 n\u0103m kinh nghi\u1ec7m trong l\u0129nh v\u1ef1c s\u01a1n xe \u00f4 t\u00f4.<\/span><\/li>\n<\/ul>\n<\/li>\n<\/ul>\n<h3>T\u1ed4NG \u0110\u00c0I VI\u00caN<\/h3>\n<h4 style=\"text-align: justify\">Y\u00eau c\u1ea7u<\/h4>\n<ul>\n<li style=\"list-style-type: none\">\n<ul>\n<li style=\"text-align: justify\">Gi\u1ecdng n\u00f3i r\u00f5 r\u00e0ng d\u1ec5 nghe<\/li>\n<li style=\"text-align: justify\"><span style=\"font-weight: 400\">Hi\u1ec3u bi\u1ebft v\u1ec1 \u0111\u01b0\u1eddng ph\u1ed1 &#8211; Tp. H\u1ed3 Ch\u00ed Minh<\/span><\/li>\n<li style=\"text-align: justify\"><span style=\"font-weight: 400\">Giao ti\u1ebfp c\u01a1 b\u1ea3n ti\u1ebfng Anh<\/span><\/li>\n<li style=\"text-align: justify\"><span style=\"font-weight: 400\">Bi\u1ebft s\u1eed d\u1ee5ng vi t\u00ednh v\u0103n ph\u00f2ng<\/span><\/li>\n<li style=\"text-align: justify\"><span style=\"font-weight: 400\">\u01afu ti\u00ean \u1ee9ng vi\u00ean \u0111\u00e3 t\u1eebng l\u00e0m vi\u1ec7c t\u1ea1i c\u00e1c t\u1ed5ng \u0111\u00e0i taxi.<\/span><\/li>\n<\/ul>\n<\/li>\n<\/ul>\n<h4>N\u01a1i nh\u1eadn h\u1ed3 s\u01a1<\/h4>\n<h3 style=\"text-align: justify\">PH\u00d2NG H\u00c0NH CH\u00cdNH-NH\u00c2N S\u1ef0- C\u00d4NG TY TAXI VI\u1ec6T NAM<\/h3>\n<ul>\n<li style=\"list-style-type: none\">\n<ul style=\"text-align: justify\">\n<li style=\"font-weight: 400\"><span style=\"font-weight: 400\">\u0110\u1ecba ch\u1ec9: L\u00f4 IV &#8211; 15B \u0110\u01b0\u1eddng s\u1ed1 04, KCN T\u00e2n B\u00ecnh P. T\u00e2y Th\u1ea1nh, Q.T\u00e2n Ph\u00fa, TP.HCM.<\/span><\/li>\n<li style=\"font-weight: 400\"><span style=\"font-weight: 400\">\u0110i\u1ec7n Tho\u1ea1i : (08) 38 155152- (08) 38 155153 Fax: (08) 38 155158\u00a0 (Ms. Thanh)<\/span><\/li>\n<li style=\"font-weight: 400\"><span style=\"font-weight: 400\">Email: <a href=\"mailto:thanh.trinh@vinataxi.vn\">thanh.trinh@vinataxi.vn<\/a><\/span><\/li>\n<\/ul>\n<\/li>\n<\/ul>\n<p><span style=\"font-weight: 400\">Vui l\u00f2ng \u0111i\u1ec1n \u0111\u1ea7y \u0111\u1ee7 th\u00f4ng tin b\u00ean d\u01b0\u1edbi c\u00e1c tr\u01b0\u1eddng h\u1ee3p th\u00f4ng tin c\u00f3 d\u1ea5u <span style=\"color: #ff0000\">(*)<\/span> l\u00e0 b\u1eaft bu\u1ed9c<\/span><\/p>\n<p><span style=\"font-weight: 400\">N\u1ebfu c\u00f3 b\u1ea5t k\u00fd th\u1eafc m\u1eafc c\u1ea7n t\u01b0 v\u1ea5n, xin li\u00ean h\u1ec7 ngay v\u1edbi ch\u00fang t\u00f4i<\/span><\/p>\n<div class=\"forminator-ui forminator-custom-form forminator-custom-form-441 forminator-design--default forminator-enclosed forminator_ajax\" data-forminator-render=\"0\" data-form=\"forminator-module-441\" data-uid=\"69f4ef5c80d24\"><br\/><\/div><form\n\t\t\t\tid=\"forminator-module-441\"\n\t\t\t\tclass=\"forminator-ui forminator-custom-form forminator-custom-form-441 forminator-design--default forminator-enclosed forminator_ajax\"\n\t\t\t\tmethod=\"post\"\n\t\t\t\tdata-forminator-render=\"0\"\n\t\t\t\tdata-form-id=\"441\"\n\t\t\t\tenctype=\"multipart\/form-data\" data-color-option=\"default\" data-design=\"default\" data-grid=\"enclosed\" style=\"display: none;\"\n\t\t\t\tdata-uid=\"69f4ef5c80d24\"\n\t\t\t><div role=\"alert\" aria-live=\"polite\" class=\"forminator-response-message forminator-error\" aria-hidden=\"true\"><\/div><div class=\"forminator-row\"><div id=\"text-1\" class=\"forminator-field-text forminator-col forminator-col-12 \"><div class=\"forminator-field\"><label for=\"forminator-field-text-1_69f4ef5c80d24\" id=\"forminator-field-text-1_69f4ef5c80d24-label\" class=\"forminator-label\">Position applying for <span class=\"forminator-required\">*<\/span><\/label><input type=\"text\" name=\"text-1\" value=\"\" placeholder=\"\" id=\"forminator-field-text-1_69f4ef5c80d24\" class=\"forminator-input forminator-name--field\" data-required=\"1\" \/><span id=\"forminator-field-text-1_69f4ef5c80d24-description\" class=\"forminator-description\"><span data-limit=\"20\" data-type=\"words\">0 \/ 20<\/span><\/span><\/div><\/div><\/div><div class=\"forminator-row\"><div id=\"name-1\" class=\"forminator-field-name forminator-col forminator-col-6 \"><div class=\"forminator-field\"><label for=\"forminator-field-name-1_69f4ef5c80d24\" id=\"forminator-field-name-1_69f4ef5c80d24-label\" class=\"forminator-label\">Name <span class=\"forminator-required\">*<\/span><\/label><input type=\"text\" name=\"name-1\" value=\"\" placeholder=\"\" id=\"forminator-field-name-1_69f4ef5c80d24\" class=\"forminator-input forminator-name--field\" aria-required=\"true\" autocomplete=\"name\" \/><\/div><\/div><div id=\"address-1\" class=\"forminator-field-address forminator-col forminator-col-6 \"><div class=\"forminator-row\"><div id=\"address-1-street_address\" class=\"forminator-col\"><div class=\"forminator-field\"><label for=\"forminator-field-address-1-street_address_69f4ef5c80d24\" id=\"forminator-field-address-1-street_address_69f4ef5c80d24-label\" class=\"forminator-label\">Address <span class=\"forminator-required\">*<\/span><\/label><input type=\"text\" name=\"address-1-street_address\" placeholder=\"\" id=\"forminator-field-address-1-street_address_69f4ef5c80d24\" class=\"forminator-input\" data-required=\"1\" aria-required=\"true\" autocomplete=\"address-line1\" value=\"\" \/><\/div><\/div><\/div><\/div><\/div><div class=\"forminator-row\"><div id=\"email-1\" class=\"forminator-field-email forminator-col forminator-col-6 \"><div class=\"forminator-field\"><label for=\"forminator-field-email-1_69f4ef5c80d24\" id=\"forminator-field-email-1_69f4ef5c80d24-label\" class=\"forminator-label\">Email <span class=\"forminator-required\">*<\/span><\/label><input type=\"email\" name=\"email-1\" value=\"\" placeholder=\"\" id=\"forminator-field-email-1_69f4ef5c80d24\" class=\"forminator-input forminator-email--field\" data-required=\"true\" aria-required=\"true\" autocomplete=\"email\" \/><\/div><\/div><div id=\"phone-1\" class=\"forminator-field-phone forminator-col forminator-col-6 \"><div class=\"forminator-field\"><label for=\"forminator-field-phone-1_69f4ef5c80d24\" id=\"forminator-field-phone-1_69f4ef5c80d24-label\" class=\"forminator-label\">Tel<\/label><input type=\"text\" name=\"phone-1\" value=\"\" placeholder=\"\" id=\"forminator-field-phone-1_69f4ef5c80d24\" class=\"forminator-input forminator-field--phone\" data-required=\"\" aria-required=\"false\" autocomplete=\"off\" \/><\/div><\/div><\/div><div class=\"forminator-row\"><div id=\"textarea-1\" class=\"forminator-field-textarea forminator-col forminator-col-12 \"><div class=\"forminator-field\"><label for=\"forminator-field-textarea-1_69f4ef5c80d24\" id=\"forminator-field-textarea-1_69f4ef5c80d24-label\" class=\"forminator-label\">Content <span class=\"forminator-required\">*<\/span><\/label><textarea name=\"textarea-1\" placeholder=\"\" id=\"forminator-field-textarea-1_69f4ef5c80d24\" class=\"forminator-textarea\" rows=\"6\" style=\"min-height:140px;\" ><\/textarea><span id=\"forminator-field-textarea-1_69f4ef5c80d24-description\" class=\"forminator-description\"><span data-limit=\"100\" data-type=\"words\" data-editor=\"\">0 \/ 100<\/span><\/span><\/div><\/div><\/div><div class=\"forminator-row\"><div id=\"upload-1\" class=\"forminator-field-upload forminator-col forminator-col-12 \"><div class=\"forminator-field\"><label for=\"forminator-field-upload-1_69f4ef5c80d24\" id=\"forminator-field-upload-1_69f4ef5c80d24-label\" class=\"forminator-label\">Attachment<\/label><div class=\"forminator-multi-upload \" data-element=\"upload-1_69f4ef5c80d24\" aria-describedby=\"forminator-field-upload-1_69f4ef5c80d24-description\"><input type=\"file\" name=\"upload-1[]\" id=\"forminator-field-upload-1_69f4ef5c80d24\" class=\"forminator-input-file forminator-field-upload-1_69f4ef5c80d24-441\" multiple=\"multiple\" data-method=\"ajax\" accept=\".pdf,.doc,.docx,.ttf,.otf,.jpg,.jpeg,.jpe,.gif,.png,.bmp,.psd,.zip,.xlsx,.xla,.xls,.xlt,.xlw\" data-size=\"8000000\" data-size-message=\"Maximum file size allowed is 8 MB. \" data-filetype=\"pdf|doc|docx|ttf|otf|jpg|jpeg|jpe|gif|png|bmp|psd|zip|xlsx|xla|xls|xlt|xlw\" data-filetype-message=\"file extension is not allowed.\"><div class=\"forminator-multi-upload-message\" aria-hidden=\"true\"><span class=\"forminator-icon-upload\" aria-hidden=\"true\"><\/span><p>Drag and Drop (or) <a class=\"forminator-upload-file--forminator-field-upload-1_69f4ef5c80d24\" href=\"#\" onclick=\"return false;\">Choose Files<\/a><\/p><\/div><\/div><span id=\"forminator-field-upload-1_69f4ef5c80d24-description\" class=\"forminator-description\">File \u0111\u00ednh k\u00e8m (.jpg, .jpeg, .gif, .png, .bmp, .psd, .doc, .docx, .pdf, .xls, .xlsx .zip)<\/span><ul class=\"forminator-uploaded-files upload-container-upload-1_69f4ef5c80d24\"><\/ul><\/div><\/div><\/div><input type=\"hidden\" name=\"referer_url\" value=\"\" \/><div class=\"forminator-row forminator-row-last\"><div class=\"forminator-col\"><div class=\"forminator-field\"><button class=\"forminator-button forminator-button-submit\">Send<\/button><\/div><\/div><\/div><input type=\"hidden\" id=\"forminator_nonce\" name=\"forminator_nonce\" value=\"7ab9095a6d\" \/><input type=\"hidden\" name=\"_wp_http_referer\" value=\"\/en\/wp-json\/wp\/v2\/pages\/362\" \/><input type=\"hidden\" name=\"form_id\" value=\"441\"><input type=\"hidden\" name=\"page_id\" value=\"362\"><input type=\"hidden\" name=\"form_type\" value=\"default\"><input type=\"hidden\" name=\"current_url\" value=\"https:\/\/vinataxi.vn\/en\/job-application\/\"><input type=\"hidden\" name=\"render_id\" value=\"0\"><input type=\"hidden\" name=\"forminator-multifile-hidden\" class=\"forminator-multifile-hidden\"><input type=\"hidden\" name=\"action\" value=\"forminator_submit_form_custom-forms\"><\/form>\n\t\t<\/div>\n\t\t\t\t\t<\/div>\n\n\t\n<\/div>\n","protected":false},"excerpt":{"rendered":"","protected":false},"author":2,"featured_media":0,"parent":0,"menu_order":0,"comment_status":"closed","ping_status":"closed","template":"page-blank.php","meta":{"footnotes":""},"class_list":["post-362","page","type-page","status-publish","hentry"],"_links":{"self":[{"href":"https:\/\/vinataxi.vn\/en\/wp-json\/wp\/v2\/pages\/362","targetHints":{"allow":["GET"]}}],"collection":[{"href":"https:\/\/vinataxi.vn\/en\/wp-json\/wp\/v2\/pages"}],"about":[{"href":"https:\/\/vinataxi.vn\/en\/wp-json\/wp\/v2\/types\/page"}],"author":[{"embeddable":true,"href":"https:\/\/vinataxi.vn\/en\/wp-json\/wp\/v2\/users\/2"}],"replies":[{"embeddable":true,"href":"https:\/\/vinataxi.vn\/en\/wp-json\/wp\/v2\/comments?post=362"}],"version-history":[{"count":0,"href":"https:\/\/vinataxi.vn\/en\/wp-json\/wp\/v2\/pages\/362\/revisions"}],"wp:attachment":[{"href":"https:\/\/vinataxi.vn\/en\/wp-json\/wp\/v2\/media?parent=362"}],"curies":[{"name":"wp","href":"https:\/\/api.w.org\/{rel}","templated":true}]}}