{"id":364,"date":"2022-05-05T13:43:18","date_gmt":"2022-05-05T06:43:18","guid":{"rendered":"https:\/\/vinataxi.vn\/y-kien-khach-hang\/"},"modified":"2022-05-21T17:06:51","modified_gmt":"2022-05-21T10:06:51","slug":"customer-reviews","status":"publish","type":"page","link":"https:\/\/vinataxi.vn\/en\/customer-reviews\/","title":{"rendered":"Customer reviews"},"content":{"rendered":"\n  <div class=\"banner has-hover\" id=\"banner-1349861841\">\n          <div class=\"banner-inner fill\">\n        <div class=\"banner-bg fill\" >\n            <img loading=\"lazy\" decoding=\"async\" width=\"1020\" height=\"161\" src=\"https:\/\/vinataxi.vn\/wp-content\/uploads\/sites\/68\/2022\/05\/banner.jpg\" class=\"bg attachment-large size-large\" alt=\"\" \/>                        <div class=\"overlay\"><\/div>            \n                    <\/div>\n\t\t\n        <div class=\"banner-layers container\">\n            <div class=\"fill banner-link\"><\/div>            \n   <div id=\"text-box-1847981758\" class=\"text-box banner-layer x50 md-x50 lg-x50 y50 md-y50 lg-y50 res-text\">\n                     <div data-animate=\"bounceInDown\">           <div class=\"text-box-content text dark\">\n              \n              <div class=\"text-inner text-center\">\n                  \n<h4 class=\"uppercase\"><span style=\"color: #0d8e10;font-family: 'times new roman', times, serif\"><strong>\u00fd ki\u1ebfn kh\u00e1ch h\u00e0ng<\/strong><\/span><\/h4>\n              <\/div>\n           <\/div>\n       <\/div>                     \n<style>\n#text-box-1847981758 {\n  width: 60%;\n}\n#text-box-1847981758 .text-box-content {\n  font-size: 100%;\n}\n<\/style>\n    <\/div>\n \n        <\/div>\n      <\/div>\n\n            \n<style>\n#banner-1349861841 {\n  padding-top: 100px;\n}\n#banner-1349861841 .overlay {\n  background-color: rgba(249, 237, 27, 0.791);\n}\n@media (min-width:550px) {\n  #banner-1349861841 {\n    padding-top: 300px;\n  }\n}\n<\/style>\n  <\/div>\n\n\n<div class=\"row\"  id=\"row-489502483\">\n\n\t<div id=\"col-2042860320\" class=\"col medium-3 small-12 large-3\"  >\n\t\t\t\t<div class=\"col-inner\"  >\n\t\t\t\n\t\t\t\n\t<div class=\"img has-hover x md-x lg-x y md-y lg-y\" id=\"image_1248943335\">\n\t\t\t\t\t\t\t\t<div class=\"img-inner dark\" >\n\t\t\t<img loading=\"lazy\" decoding=\"async\" width=\"300\" height=\"100\" src=\"https:\/\/vinataxi.vn\/wp-content\/uploads\/sites\/68\/2022\/05\/tongdai.png\" class=\"attachment-large size-large\" alt=\"\" \/>\t\t\t\t\t\t\n\t\t\t\t\t<\/div>\n\t\t\t\t\t\t\t\t\n<style>\n#image_1248943335 {\n  width: 100%;\n}\n<\/style>\n\t<\/div>\n\t\r\n\r\n<div class=\"row\"  id=\"row-519009813\">\r\n\r\n\n\t<div id=\"col-585234475\" class=\"col small-12 large-12\"  >\n\t\t\t\t<div class=\"col-inner\"  >\n\t\t\t\n\t\t\t\r\n\r\n<div class=\"container section-title-container\" ><h4 class=\"section-title section-title-center\"><b aria-hidden=\"true\"><\/b><span class=\"section-title-main\" >CUSTOMER CARE<\/span><b aria-hidden=\"true\"><\/b><\/h4><\/div>\r\n\r\n<a href=\"https:\/\/vinataxi.vn\/en\/report-lost-luggage\/\" class=\"button primary is-small box-shadow-1 box-shadow-4-hover expand\" style=\"border-radius:10px;\">\n\t<i class=\"icon-angle-right\" aria-hidden=\"true\"><\/i>\t<span>REPORT LOST LUGGAGE<\/span>\n\t<\/a>\n\r\n\r\n<a href=\"https:\/\/vinataxi.vn\/en\/comment-service-attitude\/\" class=\"button primary is-small box-shadow-1 box-shadow-4-hover expand\" style=\"border-radius:10px;\">\n\t<i class=\"icon-angle-right\" aria-hidden=\"true\"><\/i>\t<span>FEEDBACK SERVICE ATTITUDE<\/span>\n\t<\/a>\n\r\n\r\n<a href=\"https:\/\/vinataxi.vn\/en\/customer-reviews\/\" class=\"button primary is-small box-shadow-1 box-shadow-4-hover expand\" style=\"border-radius:10px;\">\n\t<i class=\"icon-angle-right\" aria-hidden=\"true\"><\/i>\t<span>CUSTOMER REVIEWS<\/span>\n\t<\/a>\n\r\n\r\n<a href=\"https:\/\/vinataxi.vn\/en\/other-issues\/\" class=\"button primary is-small box-shadow-1 box-shadow-4-hover expand\" style=\"border-radius:10px;\">\n\t<i class=\"icon-angle-right\" aria-hidden=\"true\"><\/i>\t<span>OTHER ISSUES<\/span>\n\t<\/a>\n\r\n\r\n<a href=\"https:\/\/vinataxi.vn\/en\/feedback-to-ceo\/\" class=\"button primary is-small box-shadow-1 box-shadow-4-hover expand\" style=\"border-radius:10px;\">\n\t<i class=\"icon-angle-right\" aria-hidden=\"true\"><\/i>\t<span>FEEDBACK TO CEO<\/span>\n\t<\/a>\n\r\n\r\n\t\t<\/div>\n\t\t\t\t\t<\/div>\n\n\t\r\n\r\n\n<style>\n#row-519009813 > .col > .col-inner {\n  padding: 8px 5px 1px 5px;\n  background-color: rgb(243, 241, 241);\n}\n<\/style>\n<\/div>\r\n<div class=\"video video-fit mb\" style=\"padding-top:56.25%;\"><p><iframe loading=\"lazy\" title=\"Vinataxi\" width=\"1020\" height=\"574\" src=\"https:\/\/www.youtube.com\/embed\/teRET2FfRwo?feature=oembed\" frameborder=\"0\" allow=\"accelerometer; autoplay; clipboard-write; encrypted-media; gyroscope; picture-in-picture\" allowfullscreen><\/iframe><\/p>\n<\/div>\n\t\t<\/div>\n\t\t\t\t\t<\/div>\n\n\t\n\n\t<div id=\"col-1068178490\" class=\"col medium-9 small-12 large-9\"  >\n\t\t\t\t<div class=\"col-inner\"  >\n\t\t\t\n\t\t\t\n\n\t<section class=\"section\" id=\"section_2084671495\">\n\t\t<div class=\"section-bg fill\" >\n\t\t\t\t\t\t\t\t\t\n\t\t\t\n\n\t\t<\/div>\n\n\t\t\n\n\t\t<div class=\"section-content relative\">\n\t\t\t\n  <div class=\"icon-box testimonial-box icon-box-left text-left\">\n                <div class=\"icon-box-img testimonial-image circle\" style=\"width: 80px\">\n              <img loading=\"lazy\" decoding=\"async\" width=\"150\" height=\"150\" src=\"https:\/\/vinataxi.vn\/wp-content\/uploads\/sites\/68\/2022\/05\/ykien4-150x150.jpg\" class=\"attachment-thumbnail size-thumbnail\" alt=\"\" \/>        <\/div>\n                <div class=\"icon-box-text p-last-0\">\n          <div class=\"star-rating\" role=\"img\" aria-label=\"Rated 5 out of 5\"><span style=\"width:100%\"><strong class=\"rating\"><\/strong><\/span><\/div>  \t\t\t\t<div class=\"testimonial-text line-height-small italic test_text first-reset last-reset is-italic\">\n            \n<h3>Di\u1ec7u L\u00ea &#8211; C\u00f4ng ty Vi\u1ec7t Food<\/h3>\n<p>Ph\u1ee5c v\u1ee5 l\u1ecbch s\u1ef1 v\u1edbi kh\u00e1ch h\u00e0ng.L\u00e1i xe th\u00e2n thi\u1ec7n, \u0111i\u1ec3m c\u1ed9ng l\u00e0 th\u1eddi gian \u0111\u00f3n kh\u00e1 nhanh.<\/p>\n          <\/div>\n          <div class=\"testimonial-meta pt-half\">\n             <strong class=\"testimonial-name test_name\"><\/strong>\n                          <span class=\"testimonial-company test_company\"><\/span>\n          <\/div>\n        <\/div>\n  <\/div>\n\n  \n\t<div id=\"gap-248293992\" class=\"gap-element clearfix\" style=\"display:block; height:auto;\">\n\t\t\n<style>\n#gap-248293992 {\n  padding-top: 30px;\n}\n<\/style>\n\t<\/div>\n\t\n  <div class=\"icon-box testimonial-box icon-box-left text-left\">\n                <div class=\"icon-box-img testimonial-image circle\" style=\"width: 80px\">\n              <img loading=\"lazy\" decoding=\"async\" width=\"150\" height=\"150\" src=\"https:\/\/vinataxi.vn\/wp-content\/uploads\/sites\/68\/2022\/05\/ykien3-150x150.jpg\" class=\"attachment-thumbnail size-thumbnail\" alt=\"\" \/>        <\/div>\n                <div class=\"icon-box-text p-last-0\">\n          <div class=\"star-rating\" role=\"img\" aria-label=\"Rated 5 out of 5\"><span style=\"width:100%\"><strong class=\"rating\"><\/strong><\/span><\/div>  \t\t\t\t<div class=\"testimonial-text line-height-small italic test_text first-reset last-reset is-italic\">\n            \n<h3>H\u1ea3i Long &#8211; ACB Bank<\/h3>\n<p style=\"text-align: justify\">H\u00e3ng xe chuy\u00ean nghi\u1ec7p, nhanh, t\u00e0i x\u1ebf th\u00e2n thi\u1ec7n.<\/p>\n          <\/div>\n          <div class=\"testimonial-meta pt-half\">\n             <strong class=\"testimonial-name test_name\"><\/strong>\n                          <span class=\"testimonial-company test_company\"><\/span>\n          <\/div>\n        <\/div>\n  <\/div>\n\n  \n\t\t<\/div>\n\n\t\t\n<style>\n#section_2084671495 {\n  padding-top: 30px;\n  padding-bottom: 30px;\n  background-color: rgb(248, 248, 247);\n}\n<\/style>\n\t<\/section>\n\t\n\t<div id=\"gap-1532752477\" class=\"gap-element clearfix\" style=\"display:block; height:auto;\">\n\t\t\n<style>\n#gap-1532752477 {\n  padding-top: 30px;\n}\n<\/style>\n\t<\/div>\n\t\n<p style=\"text-align: center\">Please fill out the information below in cases where the information marked with an asterisk\u00a0<span style=\"color: #ff0000\"><strong>(*)<\/strong><\/span>\u00a0is required<\/p>\n<div class=\"forminator-ui forminator-custom-form forminator-custom-form-431 forminator-design--default  forminator_ajax\" data-forminator-render=\"0\" data-form=\"forminator-module-431\" data-uid=\"69f4d738912d7\"><br\/><\/div><form\n\t\t\t\tid=\"forminator-module-431\"\n\t\t\t\tclass=\"forminator-ui forminator-custom-form forminator-custom-form-431 forminator-design--default  forminator_ajax\"\n\t\t\t\tmethod=\"post\"\n\t\t\t\tdata-forminator-render=\"0\"\n\t\t\t\tdata-form-id=\"431\"\n\t\t\t\t data-color-option=\"default\" data-design=\"default\" data-grid=\"open\" style=\"display: none;\"\n\t\t\t\tdata-uid=\"69f4d738912d7\"\n\t\t\t><div role=\"alert\" aria-live=\"polite\" class=\"forminator-response-message forminator-error\" aria-hidden=\"true\"><\/div><div class=\"forminator-row\"><div id=\"name-1\" class=\"forminator-field-name forminator-col forminator-col-6 \"><div class=\"forminator-field\"><label for=\"forminator-field-name-1_69f4d738912d7\" id=\"forminator-field-name-1_69f4d738912d7-label\" class=\"forminator-label\">Name <span class=\"forminator-required\">*<\/span><\/label><input type=\"text\" name=\"name-1\" value=\"\" placeholder=\"\" id=\"forminator-field-name-1_69f4d738912d7\" class=\"forminator-input forminator-name--field\" aria-required=\"true\" autocomplete=\"name\" \/><\/div><\/div><div id=\"email-1\" class=\"forminator-field-email forminator-col forminator-col-6 \"><div class=\"forminator-field\"><label for=\"forminator-field-email-1_69f4d738912d7\" id=\"forminator-field-email-1_69f4d738912d7-label\" class=\"forminator-label\">Email <span class=\"forminator-required\">*<\/span><\/label><input type=\"email\" name=\"email-1\" value=\"\" placeholder=\"\" id=\"forminator-field-email-1_69f4d738912d7\" class=\"forminator-input forminator-email--field\" data-required=\"true\" aria-required=\"true\" autocomplete=\"email\" \/><\/div><\/div><\/div><div class=\"forminator-row\"><div id=\"phone-1\" class=\"forminator-field-phone forminator-col forminator-col-6 \"><div class=\"forminator-field\"><label for=\"forminator-field-phone-1_69f4d738912d7\" id=\"forminator-field-phone-1_69f4d738912d7-label\" class=\"forminator-label\">Tel<\/label><input type=\"text\" name=\"phone-1\" value=\"\" placeholder=\"\" id=\"forminator-field-phone-1_69f4d738912d7\" class=\"forminator-input forminator-field--phone\" data-required=\"\" aria-required=\"false\" autocomplete=\"off\" \/><\/div><\/div><div id=\"address-1\" class=\"forminator-field-address forminator-col forminator-col-6 \"><div class=\"forminator-row\"><div id=\"address-1-street_address\" class=\"forminator-col\"><div class=\"forminator-field\"><label for=\"forminator-field-address-1-street_address_69f4d738912d7\" id=\"forminator-field-address-1-street_address_69f4d738912d7-label\" class=\"forminator-label\">Address<\/label><input type=\"text\" name=\"address-1-street_address\" placeholder=\"\" id=\"forminator-field-address-1-street_address_69f4d738912d7\" class=\"forminator-input\" data-required=\"\" aria-required=\"false\" autocomplete=\"address-line1\" value=\"\" \/><\/div><\/div><\/div><\/div><\/div><div class=\"forminator-row\"><div id=\"text-1\" class=\"forminator-field-text forminator-col forminator-col-12 \"><div class=\"forminator-field\"><label for=\"forminator-field-text-1_69f4d738912d7\" id=\"forminator-field-text-1_69f4d738912d7-label\" class=\"forminator-label\">Title <span class=\"forminator-required\">*<\/span><\/label><input type=\"text\" name=\"text-1\" value=\"\" placeholder=\"\" id=\"forminator-field-text-1_69f4d738912d7\" class=\"forminator-input forminator-name--field\" data-required=\"1\" \/><span id=\"forminator-field-text-1_69f4d738912d7-description\" class=\"forminator-description\"><span data-limit=\"20\" data-type=\"words\">0 \/ 20<\/span><\/span><\/div><\/div><\/div><div class=\"forminator-row\"><div id=\"textarea-1\" class=\"forminator-field-textarea forminator-col forminator-col-12 \"><div class=\"forminator-field\"><label for=\"forminator-field-textarea-1_69f4d738912d7\" id=\"forminator-field-textarea-1_69f4d738912d7-label\" class=\"forminator-label\">Content <span class=\"forminator-required\">*<\/span><\/label><textarea name=\"textarea-1\" placeholder=\"\" id=\"forminator-field-textarea-1_69f4d738912d7\" class=\"forminator-textarea\" rows=\"6\" style=\"min-height:140px;\" ><\/textarea><span id=\"forminator-field-textarea-1_69f4d738912d7-description\" class=\"forminator-description\"><span data-limit=\"100\" data-type=\"words\" data-editor=\"\">0 \/ 100<\/span><\/span><\/div><\/div><\/div><input type=\"hidden\" name=\"referer_url\" value=\"\" \/><div class=\"forminator-row forminator-row-last\"><div class=\"forminator-col\"><div class=\"forminator-field\"><button class=\"forminator-button forminator-button-submit\">Send<\/button><\/div><\/div><\/div><input type=\"hidden\" id=\"forminator_nonce\" name=\"forminator_nonce\" value=\"451f148af5\" \/><input type=\"hidden\" name=\"_wp_http_referer\" value=\"\/en\/wp-json\/wp\/v2\/pages\/364\" \/><input type=\"hidden\" name=\"form_id\" value=\"431\"><input type=\"hidden\" name=\"page_id\" value=\"364\"><input type=\"hidden\" name=\"form_type\" value=\"default\"><input type=\"hidden\" name=\"current_url\" value=\"https:\/\/vinataxi.vn\/en\/customer-reviews\/\"><input type=\"hidden\" name=\"render_id\" value=\"0\"><input type=\"hidden\" name=\"action\" value=\"forminator_submit_form_custom-forms\"><\/form>\n\t\t<\/div>\n\t\t\t\t\t<\/div>\n\n\t\n<\/div>\n","protected":false},"excerpt":{"rendered":"","protected":false},"author":2,"featured_media":0,"parent":0,"menu_order":0,"comment_status":"closed","ping_status":"closed","template":"page-blank.php","meta":{"footnotes":""},"class_list":["post-364","page","type-page","status-publish","hentry"],"_links":{"self":[{"href":"https:\/\/vinataxi.vn\/en\/wp-json\/wp\/v2\/pages\/364","targetHints":{"allow":["GET"]}}],"collection":[{"href":"https:\/\/vinataxi.vn\/en\/wp-json\/wp\/v2\/pages"}],"about":[{"href":"https:\/\/vinataxi.vn\/en\/wp-json\/wp\/v2\/types\/page"}],"author":[{"embeddable":true,"href":"https:\/\/vinataxi.vn\/en\/wp-json\/wp\/v2\/users\/2"}],"replies":[{"embeddable":true,"href":"https:\/\/vinataxi.vn\/en\/wp-json\/wp\/v2\/comments?post=364"}],"version-history":[{"count":0,"href":"https:\/\/vinataxi.vn\/en\/wp-json\/wp\/v2\/pages\/364\/revisions"}],"wp:attachment":[{"href":"https:\/\/vinataxi.vn\/en\/wp-json\/wp\/v2\/media?parent=364"}],"curies":[{"name":"wp","href":"https:\/\/api.w.org\/{rel}","templated":true}]}}